{"id":21,"date":"2014-10-17T14:36:36","date_gmt":"2014-10-17T12:36:36","guid":{"rendered":"http:\/\/www.studiobellone.net\/?page_id=21"},"modified":"2021-11-16T15:15:55","modified_gmt":"2021-11-16T14:15:55","slug":"amministrazioni","status":"publish","type":"page","link":"https:\/\/www.studiobellone.net\/?page_id=21","title":{"rendered":"Amministrazioni"},"content":{"rendered":"<p style=\"text-align: justify;\"><strong>Lo Studio BELLONE amministrazioni Condominiali <\/strong>\u00a0\u00e8 una realt\u00e0 consolidata in 40 anni di attivit\u00e0 (dal 1974), sempre rivolta alla massima competenza amministrativa e tecnica, ed alla assoluta trasparenza nella <strong>amministrazione<\/strong> e <strong>gestione<\/strong> del <strong>condominio<\/strong>.<\/p>\n<p style=\"text-align: justify;\">Da sempre siamo organizzati con un\u2019 efficiente struttura aziendale dotata di rigorose procedure.<\/p>\n<p style=\"text-align: justify;\">Adottiamo strumenti informatici sempre all\u2019avanguardia, nonch\u00e9\u00a0conti correnti intestati ai Clienti e una assoluta trasparenza contabile. Fortemente orientato all\u2019efficienza e alla trasparenza dei dati contabili, il programma permette l\u2019<strong>elaborazione<\/strong> il <strong>Bilancio Condominiale<\/strong> e la <strong>Situazione Patrimoniale<\/strong> automaticamente riconciliata in ogni momento della gestione con la <strong>situazione bancaria<\/strong>, recependo totalmente le direttive della proposta di legge sulla Riforma del condominio.<\/p>\n<p>Contatti:<\/p>\n","protected":false},"excerpt":{"rendered":"<p>Lo Studio BELLONE amministrazioni Condominiali \u00a0\u00e8 una realt\u00e0 consolidata in 40 anni di attivit\u00e0 (dal 1974), sempre rivolta alla massima competenza amministrativa e tecnica, ed alla assoluta trasparenza nella amministrazione e gestione del condominio. Da sempre siamo organizzati con un\u2019 efficiente struttura aziendale dotata di rigorose procedure. Adottiamo strumenti informatici sempre all\u2019avanguardia, nonch\u00e9\u00a0conti correnti intestati [&hellip;]<\/p>\n","protected":false},"author":32,"featured_media":139,"parent":0,"menu_order":0,"comment_status":"closed","ping_status":"closed","template":"","meta":{"footnotes":""},"class_list":["post-21","page","type-page","status-publish","has-post-thumbnail","hentry"],"_links":{"self":[{"href":"https:\/\/www.studiobellone.net\/index.php?rest_route=\/wp\/v2\/pages\/21","targetHints":{"allow":["GET"]}}],"collection":[{"href":"https:\/\/www.studiobellone.net\/index.php?rest_route=\/wp\/v2\/pages"}],"about":[{"href":"https:\/\/www.studiobellone.net\/index.php?rest_route=\/wp\/v2\/types\/page"}],"author":[{"embeddable":true,"href":"https:\/\/www.studiobellone.net\/index.php?rest_route=\/wp\/v2\/users\/32"}],"replies":[{"embeddable":true,"href":"https:\/\/www.studiobellone.net\/index.php?rest_route=%2Fwp%2Fv2%2Fcomments&post=21"}],"version-history":[{"count":5,"href":"https:\/\/www.studiobellone.net\/index.php?rest_route=\/wp\/v2\/pages\/21\/revisions"}],"predecessor-version":[{"id":192,"href":"https:\/\/www.studiobellone.net\/index.php?rest_route=\/wp\/v2\/pages\/21\/revisions\/192"}],"wp:featuredmedia":[{"embeddable":true,"href":"https:\/\/www.studiobellone.net\/index.php?rest_route=\/wp\/v2\/media\/139"}],"wp:attachment":[{"href":"https:\/\/www.studiobellone.net\/index.php?rest_route=%2Fwp%2Fv2%2Fmedia&parent=21"}],"curies":[{"name":"wp","href":"https:\/\/api.w.org\/{rel}","templated":true}]}}